{"id":3754,"date":"2022-04-07T16:37:20","date_gmt":"2022-04-07T19:37:20","guid":{"rendered":"https:\/\/incotep.com.br\/grupo-acotubo\/"},"modified":"2022-06-10T13:53:22","modified_gmt":"2022-06-10T16:53:22","slug":"grupo-acotubo","status":"publish","type":"page","link":"https:\/\/incotep.com.br\/es\/grupo-acotubo\/","title":{"rendered":"Grupo A\u00e7otubo"},"content":{"rendered":"<p><div class=\"fusion-fullwidth fullwidth-box fusion-builder-row-1 fusion-flex-container nonhundred-percent-fullwidth non-hundred-percent-height-scrolling\" style=\"background-color: rgba(255,255,255,0);background-position: center center;background-repeat: no-repeat;border-width: 0px 0px 0px 0px;border-color:#e2e2e2;border-style:solid;\" ><div class=\"fusion-builder-row fusion-row fusion-flex-align-items-flex-start\" style=\"max-width:1248px;margin-left: calc(-4% \/ 2 );margin-right: calc(-4% \/ 2 );\"><div class=\"fusion-layout-column fusion_builder_column fusion-builder-column-0 fusion_builder_column_1_1 1_1 fusion-flex-column\"><div class=\"fusion-column-wrapper fusion-flex-justify-content-flex-start fusion-content-layout-column\" style=\"background-position:left top;background-repeat:no-repeat;-webkit-background-size:cover;-moz-background-size:cover;-o-background-size:cover;background-size:cover;padding: 0px 0px 0px 0px;\"><div class=\"fusion-text fusion-text-1\"><div class=\"fusion-text fusion-text-1\"><\/div>\n<p>El Grupo A\u00e7otubo, fundado en 1974, tiene la mejor estructura t\u00e9cnica y operativa del ramo\u00a0sider\u00fargico. La compa\u00f1\u00eda re\u00fane avanzados principios de administraci\u00f3n y estrategias, lo que la transform\u00f3 en referencia empresarial y liderazgo.<\/p>\n<p>Incotep es una de las divisiones del Grupo A\u00e7otubo, que contempla otras cinco divisiones:\u00a0Tubos y Aceros, Conexiones, Aceros Inoxidables, Trefilados y Piezas y Servicios Industriales.<br \/>\nEsta versatilidad capacita a A\u00e7otubo en la actuaci\u00f3n de diversos segmentos.<\/p>\n<div>\n<h3>Vision<\/h3>\n<\/div>\n<div>\n<p>Seremos reconocidos por nuestros clientes, empleados y proveedores por su excelencia en la gesti\u00f3n de la industria sider\u00fargica, la entrega de soluciones a los clientes y asegurar la perpetuidad del Grupo.<\/p>\n<h3>Misi\u00f3n<\/h3>\n<p>Satisfacer las demandas del mercado, ofreciendo productos y servicios con una alta fiabilidad, generando resultados para sus clientes y accionistas, contribuyendo al desarrollo econ\u00f3mico y social, asegurando la continuidad de la empresa.<\/p>\n<h3>Valores<\/h3>\n<p>La innovaci\u00f3n, la sinergia, flexibilidad, compromiso, transparencia, credibilidad y atenci\u00f3n al cliente.<\/p>\n<\/div>\n<\/div><div class=\"fusion-text fusion-text-3\"><\/div><\/div><style type=\"text\/css\">.fusion-body .fusion-builder-column-0{width:100% !important;margin-top : 0px;margin-bottom : 0px;}.fusion-builder-column-0 > .fusion-column-wrapper {padding-top : 0px !important;padding-right : 0px !important;margin-right : 1.92%;padding-bottom : 0px !important;padding-left : 0px !important;margin-left : 1.92%;}@media only screen and (max-width:1024px) {.fusion-body .fusion-builder-column-0{width:100% !important;}.fusion-builder-column-0 > .fusion-column-wrapper {margin-right : 1.92%;margin-left : 1.92%;}}@media only screen and (max-width:640px) {.fusion-body .fusion-builder-column-0{width:100% !important;}.fusion-builder-column-0 > .fusion-column-wrapper {margin-right : 1.92%;margin-left : 1.92%;}}<\/style><\/div><\/div><style type=\"text\/css\">.fusion-body .fusion-flex-container.fusion-builder-row-1{ padding-top : 0px;margin-top : 0px;padding-right : 0px;padding-bottom : 0px;margin-bottom : 0px;padding-left : 0px;}<\/style><\/div><div class=\"fusion-fullwidth fullwidth-box fusion-builder-row-2 fusion-flex-container footer-section hundred-percent-fullwidth non-hundred-percent-height-scrolling\" style=\"background-color: rgba(255,255,255,0);background-position: center center;background-repeat: no-repeat;border-width: 0px 0px 0px 0px;border-color:#e2e2e2;border-style:solid;\" ><style type=\"text\/css\">.fusion-body .fusion-flex-container.fusion-builder-row-2{ padding-top : 0px;margin-top : 0px;padding-right : 0px;padding-bottom : 0px;margin-bottom : 0px;padding-left : 0px;}<\/style><\/div>\n<br \/>\n<div class=\"fusion-fullwidth fullwidth-box fusion-builder-row-3 fusion-flex-container nonhundred-percent-fullwidth non-hundred-percent-height-scrolling\" style=\"background-color: rgba(255,255,255,0);background-position: center center;background-repeat: no-repeat;border-width: 0px 0px 0px 0px;border-color:#e2e2e2;border-style:solid;\" ><div class=\"fusion-builder-row fusion-row fusion-flex-align-items-flex-start\" style=\"max-width:1248px;margin-left: calc(-4% \/ 2 );margin-right: calc(-4% \/ 2 );\"><\/div><style type=\"text\/css\">.fusion-body .fusion-flex-container.fusion-builder-row-3{ padding-top : 0px;margin-top : 0px;padding-right : 0px;padding-bottom : 0px;margin-bottom : 0px;padding-left : 0px;}<\/style><\/div><div class=\"fusion-fullwidth fullwidth-box fusion-builder-row-4 fusion-flex-container footer-section hundred-percent-fullwidth non-hundred-percent-height-scrolling\" style=\"background-color: rgba(255,255,255,0);background-position: center center;background-repeat: no-repeat;border-width: 0px 0px 0px 0px;border-color:#e2e2e2;border-style:solid;\" ><div class=\"fusion-builder-row fusion-row fusion-flex-align-items-flex-start\" style=\"width:104% !important;max-width:104% !important;margin-left: calc(-4% \/ 2 );margin-right: calc(-4% \/ 2 );\"><div class=\"fusion-layout-column fusion_builder_column fusion-builder-column-1 fusion_builder_column_1_1 1_1 fusion-flex-column\"><div class=\"fusion-column-wrapper fusion-flex-justify-content-flex-start fusion-content-layout-column\" style=\"background-position:left top;background-repeat:no-repeat;-webkit-background-size:cover;-moz-background-size:cover;-o-background-size:cover;background-size:cover;padding: 0px 0px 0px 0px;\"><div class=\"contatos-footer\">\n\t<div class=\"boxes-footer\">\n\t\t<a style=\"color: #ffffff;\" href=\"https:\/\/incotep.com.br\/es\/contato\/\">\n          <div class=\"box-img\">\n              <img decoding=\"async\" src=\"http:\/\/nmind.com.br\/incotep21\/wp-content\/uploads\/2021\/09\/incotep-010-mail-1.png\" alt=\"Envie um e-mail\" width=40 height=40>\n          <\/div>\n\n          <div class=\"box-content\">\n              <p>vendas@incotep.com.br<\/p>\n          <\/div>\n\t\t<\/a>\n\t<\/div>\n\n<div class=\"boxes-footer\">\n\t<a style=\"color:#ffffff;\" href=\"https:\/\/web.whatsapp.com\/send?phone=5511996035856\" target=\"_blank\">\n\t\t<div class=\"box-img\">\n\t\t\t<img decoding=\"async\" src=\"http:\/\/nmind.com.br\/incotep21\/wp-content\/uploads\/2021\/09\/incotep-046-chat-1.png\" alt=\"Envie um email\" width=40 height=40>\n\t\t<\/div>\n\n\t\t<div class=\"box-content\">\n\t\t\t<p style=\"color:#ffffff;\">WhatsApp<br>\n\t\t\t11 99603-5856<\/p>\n\t\t<\/div>\n\t<\/a>\n\t<\/div>\n\n<div class=\"boxes-footer\">\n\t<a style=\"color: #4A4E57;\" href=\"tel:+551124132000\">\n\t\t<div class=\"box-img\">\n\t\t\t<img decoding=\"async\" src=\"http:\/\/nmind.com.br\/incotep21\/wp-content\/uploads\/2021\/09\/incotep-042-phone-1.png\" alt=\"Ligue agora\" width=40 height=40>\n\t\t<\/div>\n\n\t\t<div class=\"box-content\">\n\t\t\t\t<p>Llama ahora<br>\n\t\t\t\t11 2413-2000<\/p>\n\t\t<\/div>\n\t<\/a>\n\t<\/div>\n\n<div class=\"boxes-footer\">\n<a style=\"color: #ffffff;\" href=\"#\">\n\t\t<div class=\"box-img\">\n\t\t\t<img decoding=\"async\" src=\"http:\/\/nmind.com.br\/incotep21\/wp-content\/uploads\/2021\/09\/incotep-Arrow.png\" alt=\"Envie um email\" width=20 height=20>\n\t\t<\/div>\n\n\t\t<div class=\"box-content\">\n\t\t\t<p>VOLVER ARRIBA<\/p>\n\t\t<\/div>\n<\/a>\n\t<\/div>\n<\/div><\/div><style type=\"text\/css\">.fusion-body .fusion-builder-column-1{width:100% !important;margin-top : 0px;margin-bottom : 20px;}.fusion-builder-column-1 > .fusion-column-wrapper {padding-top : 0px !important;padding-right : 0px !important;margin-right : 1.92%;padding-bottom : 0px !important;padding-left : 0px !important;margin-left : 1.92%;}@media only screen and (max-width:1024px) {.fusion-body .fusion-builder-column-1{width:100% !important;order : 0;}.fusion-builder-column-1 > .fusion-column-wrapper {margin-right : 1.92%;margin-left : 1.92%;}}@media only screen and (max-width:640px) {.fusion-body .fusion-builder-column-1{width:100% !important;order : 0;}.fusion-builder-column-1 > .fusion-column-wrapper {margin-right : 1.92%;margin-left : 1.92%;}}<\/style><\/div><\/div><style type=\"text\/css\">.fusion-body .fusion-flex-container.fusion-builder-row-4{ padding-top : 0px;margin-top : 0px;padding-right : 0px;padding-bottom : 0px;margin-bottom : 0px;padding-left : 0px;}<\/style><\/div>\n<\/p>\n","protected":false},"excerpt":{"rendered":"","protected":false},"author":1,"featured_media":0,"parent":0,"menu_order":0,"comment_status":"closed","ping_status":"closed","template":"100-width.php","meta":{"footnotes":""},"class_list":["post-3754","page","type-page","status-publish","hentry"],"yoast_head":"<!-- This site is optimized with the Yoast SEO plugin v23.8 - https:\/\/yoast.com\/wordpress\/plugins\/seo\/ -->\n<title>Grupo A\u00e7otubo - Incotep<\/title>\n<meta name=\"robots\" content=\"index, follow, max-snippet:-1, max-image-preview:large, max-video-preview:-1\" \/>\n<link rel=\"canonical\" href=\"https:\/\/incotep.com.br\/es\/grupo-acotubo\/\" \/>\n<meta property=\"og:locale\" content=\"es_ES\" \/>\n<meta property=\"og:type\" content=\"article\" \/>\n<meta property=\"og:title\" content=\"Grupo A\u00e7otubo - Incotep\" \/>\n<meta property=\"og:url\" content=\"https:\/\/incotep.com.br\/es\/grupo-acotubo\/\" \/>\n<meta property=\"og:site_name\" content=\"Incotep\" \/>\n<meta property=\"article:modified_time\" content=\"2022-06-10T16:53:22+00:00\" \/>\n<meta name=\"twitter:card\" content=\"summary_large_image\" \/>\n<meta name=\"twitter:label1\" content=\"Tiempo de lectura\" \/>\n\t<meta name=\"twitter:data1\" content=\"2 minutos\" \/>\n<script type=\"application\/ld+json\" class=\"yoast-schema-graph\">{\"@context\":\"https:\/\/schema.org\",\"@graph\":[{\"@type\":\"WebPage\",\"@id\":\"https:\/\/incotep.com.br\/es\/grupo-acotubo\/\",\"url\":\"https:\/\/incotep.com.br\/es\/grupo-acotubo\/\",\"name\":\"Grupo A\u00e7otubo - Incotep\",\"isPartOf\":{\"@id\":\"https:\/\/incotep.com.br\/en\/#website\"},\"datePublished\":\"2022-04-07T19:37:20+00:00\",\"dateModified\":\"2022-06-10T16:53:22+00:00\",\"breadcrumb\":{\"@id\":\"https:\/\/incotep.com.br\/es\/grupo-acotubo\/#breadcrumb\"},\"inLanguage\":\"es\",\"potentialAction\":[{\"@type\":\"ReadAction\",\"target\":[\"https:\/\/incotep.com.br\/es\/grupo-acotubo\/\"]}]},{\"@type\":\"BreadcrumbList\",\"@id\":\"https:\/\/incotep.com.br\/es\/grupo-acotubo\/#breadcrumb\",\"itemListElement\":[{\"@type\":\"ListItem\",\"position\":1,\"name\":\"Home\",\"item\":\"https:\/\/incotep.com.br\/es\/\"},{\"@type\":\"ListItem\",\"position\":2,\"name\":\"Grupo A\u00e7otubo\"}]},{\"@type\":\"WebSite\",\"@id\":\"https:\/\/incotep.com.br\/en\/#website\",\"url\":\"https:\/\/incotep.com.br\/en\/\",\"name\":\"Incotep\",\"description\":\"Sistemas de Ancoragem\",\"potentialAction\":[{\"@type\":\"SearchAction\",\"target\":{\"@type\":\"EntryPoint\",\"urlTemplate\":\"https:\/\/incotep.com.br\/en\/?s={search_term_string}\"},\"query-input\":{\"@type\":\"PropertyValueSpecification\",\"valueRequired\":true,\"valueName\":\"search_term_string\"}}],\"inLanguage\":\"es\"}]}<\/script>\n<!-- \/ Yoast SEO plugin. -->","yoast_head_json":{"title":"Grupo A\u00e7otubo - Incotep","robots":{"index":"index","follow":"follow","max-snippet":"max-snippet:-1","max-image-preview":"max-image-preview:large","max-video-preview":"max-video-preview:-1"},"canonical":"https:\/\/incotep.com.br\/es\/grupo-acotubo\/","og_locale":"es_ES","og_type":"article","og_title":"Grupo A\u00e7otubo - Incotep","og_url":"https:\/\/incotep.com.br\/es\/grupo-acotubo\/","og_site_name":"Incotep","article_modified_time":"2022-06-10T16:53:22+00:00","twitter_card":"summary_large_image","twitter_misc":{"Tiempo de lectura":"2 minutos"},"schema":{"@context":"https:\/\/schema.org","@graph":[{"@type":"WebPage","@id":"https:\/\/incotep.com.br\/es\/grupo-acotubo\/","url":"https:\/\/incotep.com.br\/es\/grupo-acotubo\/","name":"Grupo A\u00e7otubo - Incotep","isPartOf":{"@id":"https:\/\/incotep.com.br\/en\/#website"},"datePublished":"2022-04-07T19:37:20+00:00","dateModified":"2022-06-10T16:53:22+00:00","breadcrumb":{"@id":"https:\/\/incotep.com.br\/es\/grupo-acotubo\/#breadcrumb"},"inLanguage":"es","potentialAction":[{"@type":"ReadAction","target":["https:\/\/incotep.com.br\/es\/grupo-acotubo\/"]}]},{"@type":"BreadcrumbList","@id":"https:\/\/incotep.com.br\/es\/grupo-acotubo\/#breadcrumb","itemListElement":[{"@type":"ListItem","position":1,"name":"Home","item":"https:\/\/incotep.com.br\/es\/"},{"@type":"ListItem","position":2,"name":"Grupo A\u00e7otubo"}]},{"@type":"WebSite","@id":"https:\/\/incotep.com.br\/en\/#website","url":"https:\/\/incotep.com.br\/en\/","name":"Incotep","description":"Sistemas de Ancoragem","potentialAction":[{"@type":"SearchAction","target":{"@type":"EntryPoint","urlTemplate":"https:\/\/incotep.com.br\/en\/?s={search_term_string}"},"query-input":{"@type":"PropertyValueSpecification","valueRequired":true,"valueName":"search_term_string"}}],"inLanguage":"es"}]}},"_links":{"self":[{"href":"https:\/\/incotep.com.br\/es\/wp-json\/wp\/v2\/pages\/3754","targetHints":{"allow":["GET"]}}],"collection":[{"href":"https:\/\/incotep.com.br\/es\/wp-json\/wp\/v2\/pages"}],"about":[{"href":"https:\/\/incotep.com.br\/es\/wp-json\/wp\/v2\/types\/page"}],"author":[{"embeddable":true,"href":"https:\/\/incotep.com.br\/es\/wp-json\/wp\/v2\/users\/1"}],"replies":[{"embeddable":true,"href":"https:\/\/incotep.com.br\/es\/wp-json\/wp\/v2\/comments?post=3754"}],"version-history":[{"count":4,"href":"https:\/\/incotep.com.br\/es\/wp-json\/wp\/v2\/pages\/3754\/revisions"}],"predecessor-version":[{"id":4500,"href":"https:\/\/incotep.com.br\/es\/wp-json\/wp\/v2\/pages\/3754\/revisions\/4500"}],"wp:attachment":[{"href":"https:\/\/incotep.com.br\/es\/wp-json\/wp\/v2\/media?parent=3754"}],"curies":[{"name":"wp","href":"https:\/\/api.w.org\/{rel}","templated":true}]}}