{"id":4407,"date":"2022-06-09T10:07:57","date_gmt":"2022-06-09T13:07:57","guid":{"rendered":"https:\/\/incotep.com.br\/?page_id=4407"},"modified":"2022-06-09T10:07:57","modified_gmt":"2022-06-09T13:07:57","slug":"blog","status":"publish","type":"page","link":"https:\/\/incotep.com.br\/es\/blog\/","title":{"rendered":"Blog"},"content":{"rendered":"<div class=\"fusion-fullwidth fullwidth-box fusion-builder-row-1 fusion-flex-container nonhundred-percent-fullwidth non-hundred-percent-height-scrolling\" style=\"background-color: rgba(255,255,255,0);background-position: center center;background-repeat: no-repeat;border-width: 0px 0px 0px 0px;border-color:#e2e2e2;border-style:solid;\" ><div class=\"fusion-builder-row fusion-row fusion-flex-align-items-flex-start\" style=\"max-width:1248px;margin-left: calc(-4% \/ 2 );margin-right: calc(-4% \/ 2 );\"><div class=\"fusion-layout-column fusion_builder_column fusion-builder-column-0 fusion_builder_column_1_1 1_1 fusion-flex-column\"><div class=\"fusion-column-wrapper fusion-flex-justify-content-flex-start fusion-content-layout-column\" style=\"background-position:left top;background-repeat:no-repeat;-webkit-background-size:cover;-moz-background-size:cover;-o-background-size:cover;background-size:cover;padding: 0px 0px 0px 0px;\"><div class=\"fusion-recent-posts fusion-recent-posts-1 avada-container layout-default layout-columns-3\"><section class=\"fusion-columns columns fusion-columns-3 columns-3\"><article class=\"post fusion-column column col col-lg-4 col-md-4 col-sm-4\"><div class=\"fusion-flexslider fusion-flexslider-loading flexslider flexslider-hover-type-none\"><ul class=\"slides\"><li><a href=\"https:\/\/incotep.com.br\/es\/incotep-no-evento-xx-cobramseg\/\" aria-label=\"Incotep en XX evento Cobramseg\" class=\"hover-type-none\"><img decoding=\"async\" width=\"225\" height=\"225\" src=\"https:\/\/incotep.com.br\/wp-content\/uploads\/2021\/09\/download.jpg\" class=\"attachment-recent-posts size-recent-posts\" alt=\"\" srcset=\"https:\/\/incotep.com.br\/wp-content\/uploads\/2021\/09\/download-66x66.jpg 66w, https:\/\/incotep.com.br\/wp-content\/uploads\/2021\/09\/download-150x150.jpg 150w, https:\/\/incotep.com.br\/wp-content\/uploads\/2021\/09\/download-200x200.jpg 200w, https:\/\/incotep.com.br\/wp-content\/uploads\/2021\/09\/download.jpg 225w\" sizes=\"(max-width: 225px) 100vw, 225px\" \/><\/a><\/li><\/ul><\/div><div class=\"recent-posts-content\"><span class=\"vcard\" style=\"display: none;\"><span class=\"fn\"><a href=\"https:\/\/incotep.com.br\/es\/author\/andrenewmind-com-br\/\" title=\"Entradas de andre@newmind.com.br\" rel=\"author\">andre@newmind.com.br<\/a><\/span><\/span><span class=\"updated\" style=\"display:none;\">2022-06-24T09:52:57-03:00<\/span><h4 class=\"entry-title\"><a href=\"https:\/\/incotep.com.br\/es\/incotep-no-evento-xx-cobramseg\/\">Incotep en XX evento Cobramseg<\/a><\/h4><p class=\"meta\"><span class=\"vcard\" style=\"display: none;\"><span class=\"fn\"><a href=\"https:\/\/incotep.com.br\/es\/author\/andrenewmind-com-br\/\" title=\"Entradas de andre@newmind.com.br\" rel=\"author\">andre@newmind.com.br<\/a><\/span><\/span><span class=\"updated\" style=\"display:none;\">2022-06-24T09:52:57-03:00<\/span><span>7 de abril de 2022<\/span><span class=\"fusion-inline-sep\">|<\/span><span class=\"fusion-comments\"><a href=\"https:\/\/incotep.com.br\/es\/incotep-no-evento-xx-cobramseg\/#respond\">0 Comments<\/a><\/span><\/p><p> A Associa\u00e7\u00e3o Brasileira de Mec\u00e2nica dos Solos e Engenharia Geot\u00e9cnica, ABMS, e o Comit\u00ea Brasileiro de Mec\u00e2nica das Rochas, convidam a todos para estarem conosco em Campinas \u2013 SP, entre os dias 23 a [...]<\/p><\/div><\/article><article class=\"post fusion-column column col col-lg-4 col-md-4 col-sm-4\"><div class=\"fusion-flexslider fusion-flexslider-loading flexslider flexslider-hover-type-none\"><ul class=\"slides\"><li><a href=\"https:\/\/incotep.com.br\/es\/torquimetros-digitais-incotep\/\" aria-label=\"Llaves dinamom\u00e9tricas digitales Incotep\" class=\"hover-type-none\"><img decoding=\"async\" width=\"700\" height=\"441\" src=\"https:\/\/incotep.com.br\/wp-content\/uploads\/2022\/04\/Torquimetro-700x441.png\" class=\"attachment-recent-posts size-recent-posts\" alt=\"\" srcset=\"https:\/\/incotep.com.br\/wp-content\/uploads\/2022\/04\/Torquimetro-320x202.png 320w, https:\/\/incotep.com.br\/wp-content\/uploads\/2022\/04\/Torquimetro-700x441.png 700w\" sizes=\"(max-width: 700px) 100vw, 700px\" \/><\/a><\/li><\/ul><\/div><div class=\"recent-posts-content\"><span class=\"vcard\" style=\"display: none;\"><span class=\"fn\"><a href=\"https:\/\/incotep.com.br\/es\/author\/andrenewmind-com-br\/\" title=\"Entradas de andre@newmind.com.br\" rel=\"author\">andre@newmind.com.br<\/a><\/span><\/span><span class=\"updated\" style=\"display:none;\">2022-06-24T09:53:37-03:00<\/span><h4 class=\"entry-title\"><a href=\"https:\/\/incotep.com.br\/es\/torquimetros-digitais-incotep\/\">Llaves dinamom\u00e9tricas digitales Incotep<\/a><\/h4><p class=\"meta\"><span class=\"vcard\" style=\"display: none;\"><span class=\"fn\"><a href=\"https:\/\/incotep.com.br\/es\/author\/andrenewmind-com-br\/\" title=\"Entradas de andre@newmind.com.br\" rel=\"author\">andre@newmind.com.br<\/a><\/span><\/span><span class=\"updated\" style=\"display:none;\">2022-06-24T09:53:37-03:00<\/span><span>7 de abril de 2022<\/span><span class=\"fusion-inline-sep\">|<\/span><span class=\"fusion-comments\"><a href=\"https:\/\/incotep.com.br\/es\/torquimetros-digitais-incotep\/#respond\">0 Comments<\/a><\/span><\/p><p> O torqu\u00edmetro \u00e9 um equipamento utilizado para medir o torque (for\u00e7a) aplicado em porcas e parafusos, evitando folgas ou apertos excessivos, de modo que o aperto seja dado com valor exato. Existem basicamente dois [...]<\/p><\/div><\/article><article class=\"post fusion-column column col col-lg-4 col-md-4 col-sm-4\"><div class=\"fusion-flexslider fusion-flexslider-loading flexslider flexslider-hover-type-none\"><ul class=\"slides\"><li><a href=\"https:\/\/incotep.com.br\/es\/incotep-tem-presenca-confirmada-no-snptee\/\" aria-label=\"Incotep tiene presencia confirmada en SNPTEE\" class=\"hover-type-none\"><img decoding=\"async\" width=\"150\" height=\"105\" src=\"https:\/\/incotep.com.br\/wp-content\/uploads\/2022\/04\/cropped-XXVISNPTEE-1-e1610160773753.png\" class=\"attachment-recent-posts size-recent-posts\" alt=\"\" \/><\/a><\/li><\/ul><\/div><div class=\"recent-posts-content\"><span class=\"vcard\" style=\"display: none;\"><span class=\"fn\"><a href=\"https:\/\/incotep.com.br\/es\/author\/andrenewmind-com-br\/\" title=\"Entradas de andre@newmind.com.br\" rel=\"author\">andre@newmind.com.br<\/a><\/span><\/span><span class=\"updated\" style=\"display:none;\">2022-06-24T09:55:20-03:00<\/span><h4 class=\"entry-title\"><a href=\"https:\/\/incotep.com.br\/es\/incotep-tem-presenca-confirmada-no-snptee\/\">Incotep tiene presencia confirmada en SNPTEE<\/a><\/h4><p class=\"meta\"><span class=\"vcard\" style=\"display: none;\"><span class=\"fn\"><a href=\"https:\/\/incotep.com.br\/es\/author\/andrenewmind-com-br\/\" title=\"Entradas de andre@newmind.com.br\" rel=\"author\">andre@newmind.com.br<\/a><\/span><\/span><span class=\"updated\" style=\"display:none;\">2022-06-24T09:55:20-03:00<\/span><span>7 de abril de 2022<\/span><span class=\"fusion-inline-sep\">|<\/span><span class=\"fusion-comments\"><a href=\"https:\/\/incotep.com.br\/es\/incotep-tem-presenca-confirmada-no-snptee\/#respond\">0 Comments<\/a><\/span><\/p><p> Maior evento t\u00e9cnico do setor el\u00e9trico brasileiro, o Semin\u00e1rio Nacional de Produ\u00e7\u00e3o e Transmiss\u00e3o de Energia El\u00e9trica \u2013 SNPTEE, promovido pelo Comit\u00ea Nacional Brasileiro de Produ\u00e7\u00e3o e Transmiss\u00e3o de Energia El\u00e9trica \u2013 CIGRE-Brasil, ter\u00e1 [...]<\/p><\/div><\/article><article class=\"post fusion-column column col col-lg-4 col-md-4 col-sm-4\"><div class=\"fusion-flexslider fusion-flexslider-loading flexslider flexslider-hover-type-none\"><ul class=\"slides\"><li><a href=\"https:\/\/incotep.com.br\/es\/incotep-adquire-novo-caminhao-munck\/\" aria-label=\"Incotep adquiere nuevo cami\u00f3n Munck\" class=\"hover-type-none\"><img decoding=\"async\" width=\"700\" height=\"441\" src=\"https:\/\/incotep.com.br\/wp-content\/uploads\/2021\/09\/DJI_0139_-700x441.jpg\" class=\"attachment-recent-posts size-recent-posts\" alt=\"\" srcset=\"https:\/\/incotep.com.br\/wp-content\/uploads\/2021\/09\/DJI_0139_-320x202.jpg 320w, https:\/\/incotep.com.br\/wp-content\/uploads\/2021\/09\/DJI_0139_-700x441.jpg 700w\" sizes=\"(max-width: 700px) 100vw, 700px\" \/><\/a><\/li><\/ul><\/div><div class=\"recent-posts-content\"><span class=\"vcard\" style=\"display: none;\"><span class=\"fn\"><a href=\"https:\/\/incotep.com.br\/es\/author\/andrenewmind-com-br\/\" title=\"Entradas de andre@newmind.com.br\" rel=\"author\">andre@newmind.com.br<\/a><\/span><\/span><span class=\"updated\" style=\"display:none;\">2022-06-24T09:56:07-03:00<\/span><h4 class=\"entry-title\"><a href=\"https:\/\/incotep.com.br\/es\/incotep-adquire-novo-caminhao-munck\/\">Incotep adquiere nuevo cami\u00f3n Munck<\/a><\/h4><p class=\"meta\"><span class=\"vcard\" style=\"display: none;\"><span class=\"fn\"><a href=\"https:\/\/incotep.com.br\/es\/author\/andrenewmind-com-br\/\" title=\"Entradas de andre@newmind.com.br\" rel=\"author\">andre@newmind.com.br<\/a><\/span><\/span><span class=\"updated\" style=\"display:none;\">2022-06-24T09:56:07-03:00<\/span><span>7 de abril de 2022<\/span><span class=\"fusion-inline-sep\">|<\/span><span class=\"fusion-comments\"><a href=\"https:\/\/incotep.com.br\/es\/incotep-adquire-novo-caminhao-munck\/#respond\">0 Comments<\/a><\/span><\/p><p> Buscando agilizar a entrega e otimizar a contrata\u00e7\u00e3o desse tipo de servi\u00e7o, a Incotep fez a aquisi\u00e7\u00e3o de um novo Caminh\u00e3o Munck que \u00e9 ideal para o transporte de cargas pesadas. Entre em contato [...]<\/p><\/div><\/article><\/section><\/div><\/div><style type=\"text\/css\">.fusion-body .fusion-builder-column-0{width:100% !important;margin-top : 0px;margin-bottom : 20px;}.fusion-builder-column-0 > .fusion-column-wrapper {padding-top : 0px !important;padding-right : 0px !important;margin-right : 1.92%;padding-bottom : 0px !important;padding-left : 0px !important;margin-left : 1.92%;}@media only screen and (max-width:1024px) {.fusion-body .fusion-builder-column-0{width:100% !important;order : 0;}.fusion-builder-column-0 > .fusion-column-wrapper {margin-right : 1.92%;margin-left : 1.92%;}}@media only screen and (max-width:640px) {.fusion-body .fusion-builder-column-0{width:100% !important;order : 0;}.fusion-builder-column-0 > .fusion-column-wrapper {margin-right : 1.92%;margin-left : 1.92%;}}<\/style><\/div><\/div><style type=\"text\/css\">.fusion-body .fusion-flex-container.fusion-builder-row-1{ padding-top : 0px;margin-top : 0px;padding-right : 0px;padding-bottom : 0px;margin-bottom : 0px;padding-left : 0px;}<\/style><\/div>\n","protected":false},"excerpt":{"rendered":"","protected":false},"author":1,"featured_media":0,"parent":0,"menu_order":0,"comment_status":"closed","ping_status":"closed","template":"","meta":{"footnotes":""},"class_list":["post-4407","page","type-page","status-publish","hentry"],"yoast_head":"<!-- This site is optimized with the Yoast SEO plugin v23.8 - https:\/\/yoast.com\/wordpress\/plugins\/seo\/ -->\n<title>Blog - Incotep<\/title>\n<meta name=\"robots\" content=\"index, follow, max-snippet:-1, max-image-preview:large, max-video-preview:-1\" \/>\n<link rel=\"canonical\" href=\"https:\/\/incotep.com.br\/es\/blog\/\" \/>\n<meta property=\"og:locale\" content=\"es_ES\" \/>\n<meta property=\"og:type\" content=\"article\" \/>\n<meta property=\"og:title\" content=\"Blog - Incotep\" \/>\n<meta property=\"og:url\" content=\"https:\/\/incotep.com.br\/es\/blog\/\" \/>\n<meta property=\"og:site_name\" content=\"Incotep\" \/>\n<meta name=\"twitter:card\" content=\"summary_large_image\" \/>\n<meta name=\"twitter:label1\" content=\"Tiempo de lectura\" \/>\n\t<meta name=\"twitter:data1\" content=\"2 minutos\" \/>\n<script type=\"application\/ld+json\" class=\"yoast-schema-graph\">{\"@context\":\"https:\/\/schema.org\",\"@graph\":[{\"@type\":\"WebPage\",\"@id\":\"https:\/\/incotep.com.br\/es\/blog\/\",\"url\":\"https:\/\/incotep.com.br\/es\/blog\/\",\"name\":\"Blog - Incotep\",\"isPartOf\":{\"@id\":\"https:\/\/incotep.com.br\/en\/#website\"},\"datePublished\":\"2022-06-09T13:07:57+00:00\",\"dateModified\":\"2022-06-09T13:07:57+00:00\",\"breadcrumb\":{\"@id\":\"https:\/\/incotep.com.br\/es\/blog\/#breadcrumb\"},\"inLanguage\":\"es\",\"potentialAction\":[{\"@type\":\"ReadAction\",\"target\":[\"https:\/\/incotep.com.br\/es\/blog\/\"]}]},{\"@type\":\"BreadcrumbList\",\"@id\":\"https:\/\/incotep.com.br\/es\/blog\/#breadcrumb\",\"itemListElement\":[{\"@type\":\"ListItem\",\"position\":1,\"name\":\"Home\",\"item\":\"https:\/\/incotep.com.br\/es\/\"},{\"@type\":\"ListItem\",\"position\":2,\"name\":\"Blog\"}]},{\"@type\":\"WebSite\",\"@id\":\"https:\/\/incotep.com.br\/en\/#website\",\"url\":\"https:\/\/incotep.com.br\/en\/\",\"name\":\"Incotep\",\"description\":\"Sistemas de Ancoragem\",\"potentialAction\":[{\"@type\":\"SearchAction\",\"target\":{\"@type\":\"EntryPoint\",\"urlTemplate\":\"https:\/\/incotep.com.br\/en\/?s={search_term_string}\"},\"query-input\":{\"@type\":\"PropertyValueSpecification\",\"valueRequired\":true,\"valueName\":\"search_term_string\"}}],\"inLanguage\":\"es\"}]}<\/script>\n<!-- \/ Yoast SEO plugin. -->","yoast_head_json":{"title":"Blog - Incotep","robots":{"index":"index","follow":"follow","max-snippet":"max-snippet:-1","max-image-preview":"max-image-preview:large","max-video-preview":"max-video-preview:-1"},"canonical":"https:\/\/incotep.com.br\/es\/blog\/","og_locale":"es_ES","og_type":"article","og_title":"Blog - Incotep","og_url":"https:\/\/incotep.com.br\/es\/blog\/","og_site_name":"Incotep","twitter_card":"summary_large_image","twitter_misc":{"Tiempo de lectura":"2 minutos"},"schema":{"@context":"https:\/\/schema.org","@graph":[{"@type":"WebPage","@id":"https:\/\/incotep.com.br\/es\/blog\/","url":"https:\/\/incotep.com.br\/es\/blog\/","name":"Blog - Incotep","isPartOf":{"@id":"https:\/\/incotep.com.br\/en\/#website"},"datePublished":"2022-06-09T13:07:57+00:00","dateModified":"2022-06-09T13:07:57+00:00","breadcrumb":{"@id":"https:\/\/incotep.com.br\/es\/blog\/#breadcrumb"},"inLanguage":"es","potentialAction":[{"@type":"ReadAction","target":["https:\/\/incotep.com.br\/es\/blog\/"]}]},{"@type":"BreadcrumbList","@id":"https:\/\/incotep.com.br\/es\/blog\/#breadcrumb","itemListElement":[{"@type":"ListItem","position":1,"name":"Home","item":"https:\/\/incotep.com.br\/es\/"},{"@type":"ListItem","position":2,"name":"Blog"}]},{"@type":"WebSite","@id":"https:\/\/incotep.com.br\/en\/#website","url":"https:\/\/incotep.com.br\/en\/","name":"Incotep","description":"Sistemas de Ancoragem","potentialAction":[{"@type":"SearchAction","target":{"@type":"EntryPoint","urlTemplate":"https:\/\/incotep.com.br\/en\/?s={search_term_string}"},"query-input":{"@type":"PropertyValueSpecification","valueRequired":true,"valueName":"search_term_string"}}],"inLanguage":"es"}]}},"_links":{"self":[{"href":"https:\/\/incotep.com.br\/es\/wp-json\/wp\/v2\/pages\/4407","targetHints":{"allow":["GET"]}}],"collection":[{"href":"https:\/\/incotep.com.br\/es\/wp-json\/wp\/v2\/pages"}],"about":[{"href":"https:\/\/incotep.com.br\/es\/wp-json\/wp\/v2\/types\/page"}],"author":[{"embeddable":true,"href":"https:\/\/incotep.com.br\/es\/wp-json\/wp\/v2\/users\/1"}],"replies":[{"embeddable":true,"href":"https:\/\/incotep.com.br\/es\/wp-json\/wp\/v2\/comments?post=4407"}],"version-history":[{"count":2,"href":"https:\/\/incotep.com.br\/es\/wp-json\/wp\/v2\/pages\/4407\/revisions"}],"predecessor-version":[{"id":4409,"href":"https:\/\/incotep.com.br\/es\/wp-json\/wp\/v2\/pages\/4407\/revisions\/4409"}],"wp:attachment":[{"href":"https:\/\/incotep.com.br\/es\/wp-json\/wp\/v2\/media?parent=4407"}],"curies":[{"name":"wp","href":"https:\/\/api.w.org\/{rel}","templated":true}]}}