{"id":4106,"date":"2022-04-14T11:22:27","date_gmt":"2022-04-14T14:22:27","guid":{"rendered":"https:\/\/incotep.com.br\/produto\/torquimetro\/"},"modified":"2022-06-24T15:47:16","modified_gmt":"2022-06-24T18:47:16","slug":"torquimetro","status":"publish","type":"product","link":"https:\/\/incotep.com.br\/es\/produto\/torquimetro\/","title":{"rendered":"Torqu\u00edmetro"},"content":{"rendered":"<div class=\"fusion-fullwidth fullwidth-box fusion-builder-row-1 fusion-flex-container nonhundred-percent-fullwidth non-hundred-percent-height-scrolling\" style=\"background-color: rgba(255,255,255,0);background-position: center center;background-repeat: no-repeat;border-width: 0px 0px 0px 0px;border-color:#e2e2e2;border-style:solid;\" ><div class=\"fusion-builder-row fusion-row fusion-flex-align-items-flex-start\" style=\"max-width:1248px;margin-left: calc(-4% \/ 2 );margin-right: calc(-4% \/ 2 );\"><div class=\"fusion-layout-column fusion_builder_column fusion-builder-column-0 fusion_builder_column_1_1 1_1 fusion-flex-column\"><div class=\"fusion-column-wrapper fusion-flex-justify-content-flex-start fusion-content-layout-column\" style=\"background-position:left top;background-repeat:no-repeat;-webkit-background-size:cover;-moz-background-size:cover;-o-background-size:cover;background-size:cover;padding: 0px 0px 0px 0px;\"><div class=\"fusion-text fusion-text-1\"><div id=\"panel-70-0-0-0\" class=\"so-panel widget widget_sow-editor panel-first-child\" data-index=\"0\">\n<div class=\"so-widget-sow-editor so-widget-sow-editor-base\">\n<div class=\"siteorigin-widget-tinymce textwidget\"><\/div>\n<\/div>\n<\/div>\n<div id=\"panel-70-0-0-1\" class=\"so-panel widget widget_sow-editor\" data-index=\"1\">\n<div class=\"feature-content panel-widget-style panel-widget-style-for-70-0-0-1\">\n<div class=\"so-widget-sow-editor so-widget-sow-editor-base\">\n<div class=\"siteorigin-widget-tinymce textwidget\">\n<p class=\"p1\">\n<\/div>\n<\/div>\n<\/div>\n<\/div>\n<\/div><\/div><style type=\"text\/css\">.fusion-body .fusion-builder-column-0{width:100% !important;margin-top : 0px;margin-bottom : 0px;}.fusion-builder-column-0 > .fusion-column-wrapper {padding-top : 0px !important;padding-right : 0px !important;margin-right : 1.92%;padding-bottom : 0px !important;padding-left : 0px !important;margin-left : 1.92%;}@media only screen and (max-width:1024px) {.fusion-body .fusion-builder-column-0{width:100% !important;}.fusion-builder-column-0 > .fusion-column-wrapper {margin-right : 1.92%;margin-left : 1.92%;}}@media only screen and (max-width:640px) {.fusion-body .fusion-builder-column-0{width:100% !important;}.fusion-builder-column-0 > .fusion-column-wrapper {margin-right : 1.92%;margin-left : 1.92%;}}<\/style><\/div><\/div><style type=\"text\/css\">.fusion-body .fusion-flex-container.fusion-builder-row-1{ padding-top : 0px;margin-top : 0px;padding-right : 0px;padding-bottom : 0px;margin-bottom : 0px;padding-left : 0px;}<\/style><\/div>\n","protected":false},"excerpt":{"rendered":"<p><span style=\"font-weight: 400;\">Para atender la demanda del mercado y aumentar la confiabilidad en la instalaci\u00f3n de pilotes helicoidales, ahora contamos con torqu\u00edmetros digitales, que registran torque, profundidad, rotaci\u00f3n, inclinaci\u00f3n y geolocalizaci\u00f3n, con transmisi\u00f3n autom\u00e1tica a los profesionales involucrados.<\/span><\/p>\n<p>&nbsp;<\/p>\n","protected":false},"featured_media":3941,"template":"","meta":[],"product_cat":[58],"product_tag":[],"class_list":{"0":"post-4106","1":"product","2":"type-product","3":"status-publish","4":"has-post-thumbnail","6":"product_cat-locacao-es","8":"first","9":"instock","10":"shipping-taxable","11":"product-type-simple"},"yoast_head":"<!-- This site is optimized with the Yoast SEO plugin v23.8 - https:\/\/yoast.com\/wordpress\/plugins\/seo\/ -->\n<title>Torqu\u00edmetro - Incotep<\/title>\n<meta name=\"robots\" content=\"index, follow, max-snippet:-1, max-image-preview:large, max-video-preview:-1\" \/>\n<link rel=\"canonical\" href=\"https:\/\/incotep.com.br\/es\/produto\/torquimetro\/\" \/>\n<meta property=\"og:locale\" content=\"es_ES\" \/>\n<meta property=\"og:type\" content=\"article\" \/>\n<meta property=\"og:title\" content=\"Torqu\u00edmetro - Incotep\" \/>\n<meta property=\"og:description\" content=\"Para atender la demanda del mercado y aumentar la confiabilidad en la instalaci\u00f3n de pilotes helicoidales, ahora contamos con torqu\u00edmetros digitales, que registran torque, profundidad, rotaci\u00f3n, inclinaci\u00f3n y geolocalizaci\u00f3n, con transmisi\u00f3n autom\u00e1tica a los profesionales involucrados.  &nbsp;\" \/>\n<meta property=\"og:url\" content=\"https:\/\/incotep.com.br\/es\/produto\/torquimetro\/\" \/>\n<meta property=\"og:site_name\" content=\"Incotep\" \/>\n<meta property=\"article:modified_time\" content=\"2022-06-24T18:47:16+00:00\" \/>\n<meta property=\"og:image\" content=\"https:\/\/incotep.com.br\/wp-content\/uploads\/2022\/04\/Torquimetro.png\" \/>\n\t<meta property=\"og:image:width\" content=\"1399\" \/>\n\t<meta property=\"og:image:height\" content=\"1343\" \/>\n\t<meta property=\"og:image:type\" content=\"image\/png\" \/>\n<meta name=\"twitter:card\" content=\"summary_large_image\" \/>\n<meta name=\"twitter:label1\" content=\"Tiempo de lectura\" \/>\n\t<meta name=\"twitter:data1\" content=\"1 minuto\" \/>\n<script type=\"application\/ld+json\" class=\"yoast-schema-graph\">{\"@context\":\"https:\/\/schema.org\",\"@graph\":[{\"@type\":\"WebPage\",\"@id\":\"https:\/\/incotep.com.br\/es\/produto\/torquimetro\/\",\"url\":\"https:\/\/incotep.com.br\/es\/produto\/torquimetro\/\",\"name\":\"Torqu\u00edmetro - Incotep\",\"isPartOf\":{\"@id\":\"https:\/\/incotep.com.br\/en\/#website\"},\"primaryImageOfPage\":{\"@id\":\"https:\/\/incotep.com.br\/es\/produto\/torquimetro\/#primaryimage\"},\"image\":{\"@id\":\"https:\/\/incotep.com.br\/es\/produto\/torquimetro\/#primaryimage\"},\"thumbnailUrl\":\"https:\/\/incotep.com.br\/wp-content\/uploads\/2022\/04\/Torquimetro.png\",\"datePublished\":\"2022-04-14T14:22:27+00:00\",\"dateModified\":\"2022-06-24T18:47:16+00:00\",\"breadcrumb\":{\"@id\":\"https:\/\/incotep.com.br\/es\/produto\/torquimetro\/#breadcrumb\"},\"inLanguage\":\"es\",\"potentialAction\":[{\"@type\":\"ReadAction\",\"target\":[\"https:\/\/incotep.com.br\/es\/produto\/torquimetro\/\"]}]},{\"@type\":\"ImageObject\",\"inLanguage\":\"es\",\"@id\":\"https:\/\/incotep.com.br\/es\/produto\/torquimetro\/#primaryimage\",\"url\":\"https:\/\/incotep.com.br\/wp-content\/uploads\/2022\/04\/Torquimetro.png\",\"contentUrl\":\"https:\/\/incotep.com.br\/wp-content\/uploads\/2022\/04\/Torquimetro.png\",\"width\":1399,\"height\":1343},{\"@type\":\"BreadcrumbList\",\"@id\":\"https:\/\/incotep.com.br\/es\/produto\/torquimetro\/#breadcrumb\",\"itemListElement\":[{\"@type\":\"ListItem\",\"position\":1,\"name\":\"Home\",\"item\":\"https:\/\/incotep.com.br\/es\/\"},{\"@type\":\"ListItem\",\"position\":2,\"name\":\"Products\",\"item\":\"https:\/\/incotep.com.br\/en\/shop\/\"},{\"@type\":\"ListItem\",\"position\":3,\"name\":\"Torqu\u00edmetro\"}]},{\"@type\":\"WebSite\",\"@id\":\"https:\/\/incotep.com.br\/en\/#website\",\"url\":\"https:\/\/incotep.com.br\/en\/\",\"name\":\"Incotep\",\"description\":\"Sistemas de Ancoragem\",\"potentialAction\":[{\"@type\":\"SearchAction\",\"target\":{\"@type\":\"EntryPoint\",\"urlTemplate\":\"https:\/\/incotep.com.br\/en\/?s={search_term_string}\"},\"query-input\":{\"@type\":\"PropertyValueSpecification\",\"valueRequired\":true,\"valueName\":\"search_term_string\"}}],\"inLanguage\":\"es\"}]}<\/script>\n<!-- \/ Yoast SEO plugin. -->","yoast_head_json":{"title":"Torqu\u00edmetro - Incotep","robots":{"index":"index","follow":"follow","max-snippet":"max-snippet:-1","max-image-preview":"max-image-preview:large","max-video-preview":"max-video-preview:-1"},"canonical":"https:\/\/incotep.com.br\/es\/produto\/torquimetro\/","og_locale":"es_ES","og_type":"article","og_title":"Torqu\u00edmetro - Incotep","og_description":"Para atender la demanda del mercado y aumentar la confiabilidad en la instalaci\u00f3n de pilotes helicoidales, ahora contamos con torqu\u00edmetros digitales, que registran torque, profundidad, rotaci\u00f3n, inclinaci\u00f3n y geolocalizaci\u00f3n, con transmisi\u00f3n autom\u00e1tica a los profesionales involucrados.  &nbsp;","og_url":"https:\/\/incotep.com.br\/es\/produto\/torquimetro\/","og_site_name":"Incotep","article_modified_time":"2022-06-24T18:47:16+00:00","og_image":[{"width":1399,"height":1343,"url":"https:\/\/incotep.com.br\/wp-content\/uploads\/2022\/04\/Torquimetro.png","type":"image\/png"}],"twitter_card":"summary_large_image","twitter_misc":{"Tiempo de lectura":"1 minuto"},"schema":{"@context":"https:\/\/schema.org","@graph":[{"@type":"WebPage","@id":"https:\/\/incotep.com.br\/es\/produto\/torquimetro\/","url":"https:\/\/incotep.com.br\/es\/produto\/torquimetro\/","name":"Torqu\u00edmetro - Incotep","isPartOf":{"@id":"https:\/\/incotep.com.br\/en\/#website"},"primaryImageOfPage":{"@id":"https:\/\/incotep.com.br\/es\/produto\/torquimetro\/#primaryimage"},"image":{"@id":"https:\/\/incotep.com.br\/es\/produto\/torquimetro\/#primaryimage"},"thumbnailUrl":"https:\/\/incotep.com.br\/wp-content\/uploads\/2022\/04\/Torquimetro.png","datePublished":"2022-04-14T14:22:27+00:00","dateModified":"2022-06-24T18:47:16+00:00","breadcrumb":{"@id":"https:\/\/incotep.com.br\/es\/produto\/torquimetro\/#breadcrumb"},"inLanguage":"es","potentialAction":[{"@type":"ReadAction","target":["https:\/\/incotep.com.br\/es\/produto\/torquimetro\/"]}]},{"@type":"ImageObject","inLanguage":"es","@id":"https:\/\/incotep.com.br\/es\/produto\/torquimetro\/#primaryimage","url":"https:\/\/incotep.com.br\/wp-content\/uploads\/2022\/04\/Torquimetro.png","contentUrl":"https:\/\/incotep.com.br\/wp-content\/uploads\/2022\/04\/Torquimetro.png","width":1399,"height":1343},{"@type":"BreadcrumbList","@id":"https:\/\/incotep.com.br\/es\/produto\/torquimetro\/#breadcrumb","itemListElement":[{"@type":"ListItem","position":1,"name":"Home","item":"https:\/\/incotep.com.br\/es\/"},{"@type":"ListItem","position":2,"name":"Products","item":"https:\/\/incotep.com.br\/en\/shop\/"},{"@type":"ListItem","position":3,"name":"Torqu\u00edmetro"}]},{"@type":"WebSite","@id":"https:\/\/incotep.com.br\/en\/#website","url":"https:\/\/incotep.com.br\/en\/","name":"Incotep","description":"Sistemas de Ancoragem","potentialAction":[{"@type":"SearchAction","target":{"@type":"EntryPoint","urlTemplate":"https:\/\/incotep.com.br\/en\/?s={search_term_string}"},"query-input":{"@type":"PropertyValueSpecification","valueRequired":true,"valueName":"search_term_string"}}],"inLanguage":"es"}]}},"_links":{"self":[{"href":"https:\/\/incotep.com.br\/es\/wp-json\/wp\/v2\/product\/4106","targetHints":{"allow":["GET"]}}],"collection":[{"href":"https:\/\/incotep.com.br\/es\/wp-json\/wp\/v2\/product"}],"about":[{"href":"https:\/\/incotep.com.br\/es\/wp-json\/wp\/v2\/types\/product"}],"wp:featuredmedia":[{"embeddable":true,"href":"https:\/\/incotep.com.br\/es\/wp-json\/wp\/v2\/media\/3941"}],"wp:attachment":[{"href":"https:\/\/incotep.com.br\/es\/wp-json\/wp\/v2\/media?parent=4106"}],"wp:term":[{"taxonomy":"product_cat","embeddable":true,"href":"https:\/\/incotep.com.br\/es\/wp-json\/wp\/v2\/product_cat?post=4106"},{"taxonomy":"product_tag","embeddable":true,"href":"https:\/\/incotep.com.br\/es\/wp-json\/wp\/v2\/product_tag?post=4106"}],"curies":[{"name":"wp","href":"https:\/\/api.w.org\/{rel}","templated":true}]}}