{"id":4197,"date":"2021-09-02T13:41:37","date_gmt":"2021-09-02T16:41:37","guid":{"rendered":"https:\/\/incotep.com.br\/produto\/estaca-helicoidal\/"},"modified":"2022-10-13T12:20:59","modified_gmt":"2022-10-13T15:20:59","slug":"estaca-helicoidal","status":"publish","type":"product","link":"https:\/\/incotep.com.br\/es\/produto\/estaca-helicoidal\/","title":{"rendered":"Pilote Helicoidales"},"content":{"rendered":"<div class=\"fusion-fullwidth fullwidth-box fusion-builder-row-1 fusion-flex-container nonhundred-percent-fullwidth non-hundred-percent-height-scrolling\" style=\"background-color: rgba(255,255,255,0);background-position: center center;background-repeat: no-repeat;border-width: 0px 0px 0px 0px;border-color:#e2e2e2;border-style:solid;\" ><div class=\"fusion-builder-row fusion-row fusion-flex-align-items-flex-start\" style=\"max-width:1248px;margin-left: calc(-4% \/ 2 );margin-right: calc(-4% \/ 2 );\"><\/div><style type=\"text\/css\">.fusion-body .fusion-flex-container.fusion-builder-row-1{ padding-top : 0px;margin-top : 0px;padding-right : 0px;padding-bottom : 0px;margin-bottom : 0px;padding-left : 0px;}<\/style><\/div>\n","protected":false},"excerpt":{"rendered":"<div id=\"pg-92-0\" class=\"panel-grid panel-no-style\">\n<div id=\"pgc-92-0-0\" class=\"panel-grid-cell\">\n<div id=\"panel-92-0-0-0\" class=\"so-panel widget widget_sow-editor panel-first-child panel-last-child\" data-index=\"0\">\n<div class=\"so-widget-sow-editor so-widget-sow-editor-base\">\n<div class=\"siteorigin-widget-tinymce textwidget\">\n<p>El Pilote Helicoidales Incotep es desarrollado para atender las necesidades de los proyectos, pudiendo ser producido de acuerdo a las cargas espec\u00edficas de cada proyecto.<\/p>\n<p>Dise\u00f1ado con materiales altamente resistentes a la corrosi\u00f3n y de f\u00e1cil instalaci\u00f3n, representa una excelente soluci\u00f3n para obras donde los plazos de aplicaci\u00f3n son reducidos.<\/p>\n<p><img decoding=\"async\" class=\"alignnone wp-image-2383 size-medium\" src=\"https:\/\/incotep.com.br\/wp-content\/uploads\/2021\/09\/tabela4_estacahelicoidal-226x300.jpeg\" alt=\"\" width=\"226\" height=\"300\" srcset=\"https:\/\/incotep.com.br\/wp-content\/uploads\/2021\/09\/tabela4_estacahelicoidal-200x265.jpeg 200w, https:\/\/incotep.com.br\/wp-content\/uploads\/2021\/09\/tabela4_estacahelicoidal-226x300.jpeg 226w, https:\/\/incotep.com.br\/wp-content\/uploads\/2021\/09\/tabela4_estacahelicoidal-400x530.jpeg 400w, https:\/\/incotep.com.br\/wp-content\/uploads\/2021\/09\/tabela4_estacahelicoidal-500x663.jpeg 500w, https:\/\/incotep.com.br\/wp-content\/uploads\/2021\/09\/tabela4_estacahelicoidal-600x795.jpeg 600w, https:\/\/incotep.com.br\/wp-content\/uploads\/2021\/09\/tabela4_estacahelicoidal-700x928.jpeg 700w, https:\/\/incotep.com.br\/wp-content\/uploads\/2021\/09\/tabela4_estacahelicoidal-768x1018.jpeg 768w, https:\/\/incotep.com.br\/wp-content\/uploads\/2021\/09\/tabela4_estacahelicoidal-773x1024.jpeg 773w, https:\/\/incotep.com.br\/wp-content\/uploads\/2021\/09\/tabela4_estacahelicoidal-800x1060.jpeg 800w, https:\/\/incotep.com.br\/wp-content\/uploads\/2021\/09\/tabela4_estacahelicoidal.jpeg 891w\" sizes=\"(max-width: 226px) 100vw, 226px\" \/><\/p>\n<p><img decoding=\"async\" class=\"alignnone size-full wp-image-2385\" src=\"https:\/\/incotep.com.br\/wp-content\/uploads\/2021\/09\/helicod-1.png\" alt=\"\" width=\"578\" height=\"182\" srcset=\"https:\/\/incotep.com.br\/wp-content\/uploads\/2021\/09\/helicod-1-200x63.png 200w, https:\/\/incotep.com.br\/wp-content\/uploads\/2021\/09\/helicod-1-300x94.png 300w, https:\/\/incotep.com.br\/wp-content\/uploads\/2021\/09\/helicod-1-400x126.png 400w, https:\/\/incotep.com.br\/wp-content\/uploads\/2021\/09\/helicod-1-500x157.png 500w, https:\/\/incotep.com.br\/wp-content\/uploads\/2021\/09\/helicod-1.png 578w\" sizes=\"(max-width: 578px) 100vw, 578px\" \/><\/p>\n<\/div>\n<\/div>\n<\/div>\n<\/div>\n<\/div>\n","protected":false},"featured_media":4218,"template":"","meta":[],"product_cat":[70],"product_tag":[],"class_list":{"0":"post-4197","1":"product","2":"type-product","3":"status-publish","4":"has-post-thumbnail","6":"product_cat-estaca-helicoidal-es","8":"first","9":"instock","10":"shipping-taxable","11":"product-type-simple"},"yoast_head":"<!-- This site is optimized with the Yoast SEO plugin v23.8 - https:\/\/yoast.com\/wordpress\/plugins\/seo\/ -->\n<title>Pilote Helicoidales - Incotep<\/title>\n<meta name=\"robots\" content=\"index, follow, max-snippet:-1, max-image-preview:large, max-video-preview:-1\" \/>\n<link rel=\"canonical\" href=\"https:\/\/incotep.com.br\/es\/produto\/estaca-helicoidal\/\" \/>\n<meta property=\"og:locale\" content=\"es_ES\" \/>\n<meta property=\"og:type\" content=\"article\" \/>\n<meta property=\"og:title\" content=\"Pilote Helicoidales - Incotep\" \/>\n<meta property=\"og:description\" content=\"El Pilote Helicoidales Incotep es desarrollado para atender las necesidades de los proyectos, pudiendo ser producido de acuerdo a las cargas espec\u00edficas de cada proyecto.  Dise\u00f1ado con materiales altamente resistentes a la corrosi\u00f3n y de f\u00e1cil instalaci\u00f3n, representa una excelente soluci\u00f3n para obras donde los plazos de aplicaci\u00f3n son reducidos.\" \/>\n<meta property=\"og:url\" content=\"https:\/\/incotep.com.br\/es\/produto\/estaca-helicoidal\/\" \/>\n<meta property=\"og:site_name\" content=\"Incotep\" \/>\n<meta property=\"article:modified_time\" content=\"2022-10-13T15:20:59+00:00\" \/>\n<meta property=\"og:image\" content=\"https:\/\/incotep.com.br\/wp-content\/uploads\/2021\/09\/estaca-helicoidal-incotep-00007.png\" \/>\n\t<meta property=\"og:image:width\" content=\"626\" \/>\n\t<meta property=\"og:image:height\" content=\"593\" \/>\n\t<meta property=\"og:image:type\" content=\"image\/png\" \/>\n<meta name=\"twitter:card\" content=\"summary_large_image\" \/>\n<script type=\"application\/ld+json\" class=\"yoast-schema-graph\">{\"@context\":\"https:\/\/schema.org\",\"@graph\":[{\"@type\":\"WebPage\",\"@id\":\"https:\/\/incotep.com.br\/es\/produto\/estaca-helicoidal\/\",\"url\":\"https:\/\/incotep.com.br\/es\/produto\/estaca-helicoidal\/\",\"name\":\"Pilote Helicoidales - Incotep\",\"isPartOf\":{\"@id\":\"https:\/\/incotep.com.br\/en\/#website\"},\"primaryImageOfPage\":{\"@id\":\"https:\/\/incotep.com.br\/es\/produto\/estaca-helicoidal\/#primaryimage\"},\"image\":{\"@id\":\"https:\/\/incotep.com.br\/es\/produto\/estaca-helicoidal\/#primaryimage\"},\"thumbnailUrl\":\"https:\/\/incotep.com.br\/wp-content\/uploads\/2021\/09\/estaca-helicoidal-incotep-00007.png\",\"datePublished\":\"2021-09-02T16:41:37+00:00\",\"dateModified\":\"2022-10-13T15:20:59+00:00\",\"breadcrumb\":{\"@id\":\"https:\/\/incotep.com.br\/es\/produto\/estaca-helicoidal\/#breadcrumb\"},\"inLanguage\":\"es\",\"potentialAction\":[{\"@type\":\"ReadAction\",\"target\":[\"https:\/\/incotep.com.br\/es\/produto\/estaca-helicoidal\/\"]}]},{\"@type\":\"ImageObject\",\"inLanguage\":\"es\",\"@id\":\"https:\/\/incotep.com.br\/es\/produto\/estaca-helicoidal\/#primaryimage\",\"url\":\"https:\/\/incotep.com.br\/wp-content\/uploads\/2021\/09\/estaca-helicoidal-incotep-00007.png\",\"contentUrl\":\"https:\/\/incotep.com.br\/wp-content\/uploads\/2021\/09\/estaca-helicoidal-incotep-00007.png\",\"width\":626,\"height\":593},{\"@type\":\"BreadcrumbList\",\"@id\":\"https:\/\/incotep.com.br\/es\/produto\/estaca-helicoidal\/#breadcrumb\",\"itemListElement\":[{\"@type\":\"ListItem\",\"position\":1,\"name\":\"Home\",\"item\":\"https:\/\/incotep.com.br\/es\/\"},{\"@type\":\"ListItem\",\"position\":2,\"name\":\"Products\",\"item\":\"https:\/\/incotep.com.br\/en\/shop\/\"},{\"@type\":\"ListItem\",\"position\":3,\"name\":\"Pilote Helicoidales\"}]},{\"@type\":\"WebSite\",\"@id\":\"https:\/\/incotep.com.br\/en\/#website\",\"url\":\"https:\/\/incotep.com.br\/en\/\",\"name\":\"Incotep\",\"description\":\"Sistemas de Ancoragem\",\"potentialAction\":[{\"@type\":\"SearchAction\",\"target\":{\"@type\":\"EntryPoint\",\"urlTemplate\":\"https:\/\/incotep.com.br\/en\/?s={search_term_string}\"},\"query-input\":{\"@type\":\"PropertyValueSpecification\",\"valueRequired\":true,\"valueName\":\"search_term_string\"}}],\"inLanguage\":\"es\"}]}<\/script>\n<!-- \/ Yoast SEO plugin. -->","yoast_head_json":{"title":"Pilote Helicoidales - Incotep","robots":{"index":"index","follow":"follow","max-snippet":"max-snippet:-1","max-image-preview":"max-image-preview:large","max-video-preview":"max-video-preview:-1"},"canonical":"https:\/\/incotep.com.br\/es\/produto\/estaca-helicoidal\/","og_locale":"es_ES","og_type":"article","og_title":"Pilote Helicoidales - Incotep","og_description":"El Pilote Helicoidales Incotep es desarrollado para atender las necesidades de los proyectos, pudiendo ser producido de acuerdo a las cargas espec\u00edficas de cada proyecto.  Dise\u00f1ado con materiales altamente resistentes a la corrosi\u00f3n y de f\u00e1cil instalaci\u00f3n, representa una excelente soluci\u00f3n para obras donde los plazos de aplicaci\u00f3n son reducidos.","og_url":"https:\/\/incotep.com.br\/es\/produto\/estaca-helicoidal\/","og_site_name":"Incotep","article_modified_time":"2022-10-13T15:20:59+00:00","og_image":[{"width":626,"height":593,"url":"https:\/\/incotep.com.br\/wp-content\/uploads\/2021\/09\/estaca-helicoidal-incotep-00007.png","type":"image\/png"}],"twitter_card":"summary_large_image","schema":{"@context":"https:\/\/schema.org","@graph":[{"@type":"WebPage","@id":"https:\/\/incotep.com.br\/es\/produto\/estaca-helicoidal\/","url":"https:\/\/incotep.com.br\/es\/produto\/estaca-helicoidal\/","name":"Pilote Helicoidales - Incotep","isPartOf":{"@id":"https:\/\/incotep.com.br\/en\/#website"},"primaryImageOfPage":{"@id":"https:\/\/incotep.com.br\/es\/produto\/estaca-helicoidal\/#primaryimage"},"image":{"@id":"https:\/\/incotep.com.br\/es\/produto\/estaca-helicoidal\/#primaryimage"},"thumbnailUrl":"https:\/\/incotep.com.br\/wp-content\/uploads\/2021\/09\/estaca-helicoidal-incotep-00007.png","datePublished":"2021-09-02T16:41:37+00:00","dateModified":"2022-10-13T15:20:59+00:00","breadcrumb":{"@id":"https:\/\/incotep.com.br\/es\/produto\/estaca-helicoidal\/#breadcrumb"},"inLanguage":"es","potentialAction":[{"@type":"ReadAction","target":["https:\/\/incotep.com.br\/es\/produto\/estaca-helicoidal\/"]}]},{"@type":"ImageObject","inLanguage":"es","@id":"https:\/\/incotep.com.br\/es\/produto\/estaca-helicoidal\/#primaryimage","url":"https:\/\/incotep.com.br\/wp-content\/uploads\/2021\/09\/estaca-helicoidal-incotep-00007.png","contentUrl":"https:\/\/incotep.com.br\/wp-content\/uploads\/2021\/09\/estaca-helicoidal-incotep-00007.png","width":626,"height":593},{"@type":"BreadcrumbList","@id":"https:\/\/incotep.com.br\/es\/produto\/estaca-helicoidal\/#breadcrumb","itemListElement":[{"@type":"ListItem","position":1,"name":"Home","item":"https:\/\/incotep.com.br\/es\/"},{"@type":"ListItem","position":2,"name":"Products","item":"https:\/\/incotep.com.br\/en\/shop\/"},{"@type":"ListItem","position":3,"name":"Pilote Helicoidales"}]},{"@type":"WebSite","@id":"https:\/\/incotep.com.br\/en\/#website","url":"https:\/\/incotep.com.br\/en\/","name":"Incotep","description":"Sistemas de Ancoragem","potentialAction":[{"@type":"SearchAction","target":{"@type":"EntryPoint","urlTemplate":"https:\/\/incotep.com.br\/en\/?s={search_term_string}"},"query-input":{"@type":"PropertyValueSpecification","valueRequired":true,"valueName":"search_term_string"}}],"inLanguage":"es"}]}},"_links":{"self":[{"href":"https:\/\/incotep.com.br\/es\/wp-json\/wp\/v2\/product\/4197","targetHints":{"allow":["GET"]}}],"collection":[{"href":"https:\/\/incotep.com.br\/es\/wp-json\/wp\/v2\/product"}],"about":[{"href":"https:\/\/incotep.com.br\/es\/wp-json\/wp\/v2\/types\/product"}],"wp:featuredmedia":[{"embeddable":true,"href":"https:\/\/incotep.com.br\/es\/wp-json\/wp\/v2\/media\/4218"}],"wp:attachment":[{"href":"https:\/\/incotep.com.br\/es\/wp-json\/wp\/v2\/media?parent=4197"}],"wp:term":[{"taxonomy":"product_cat","embeddable":true,"href":"https:\/\/incotep.com.br\/es\/wp-json\/wp\/v2\/product_cat?post=4197"},{"taxonomy":"product_tag","embeddable":true,"href":"https:\/\/incotep.com.br\/es\/wp-json\/wp\/v2\/product_tag?post=4197"}],"curies":[{"name":"wp","href":"https:\/\/api.w.org\/{rel}","templated":true}]}}