{"id":4305,"date":"2021-11-04T10:45:40","date_gmt":"2021-11-04T13:45:40","guid":{"rendered":"https:\/\/incotep.com.br\/produto\/cordoalhas\/"},"modified":"2022-10-13T12:11:29","modified_gmt":"2022-10-13T15:11:29","slug":"cordoalhas","status":"publish","type":"product","link":"https:\/\/incotep.com.br\/es\/produto\/cordoalhas\/","title":{"rendered":"Anclajes Armados tipo Tor\u00f3n"},"content":{"rendered":"<div class=\"fusion-fullwidth fullwidth-box fusion-builder-row-1 fusion-flex-container nonhundred-percent-fullwidth non-hundred-percent-height-scrolling\" style=\"background-color: rgba(255,255,255,0);background-position: center center;background-repeat: no-repeat;border-width: 0px 0px 0px 0px;border-color:#e2e2e2;border-style:solid;\" ><div class=\"fusion-builder-row fusion-row fusion-flex-align-items-flex-start\" style=\"max-width:1248px;margin-left: calc(-4% \/ 2 );margin-right: calc(-4% \/ 2 );\"><div class=\"fusion-layout-column fusion_builder_column fusion-builder-column-0 fusion_builder_column_1_1 1_1 fusion-flex-column\"><div class=\"fusion-column-wrapper fusion-flex-justify-content-flex-start fusion-content-layout-column\" style=\"background-position:left top;background-repeat:no-repeat;-webkit-background-size:cover;-moz-background-size:cover;-o-background-size:cover;background-size:cover;padding: 0px 0px 0px 0px;\"><\/div><style type=\"text\/css\">.fusion-body .fusion-builder-column-0{width:100% !important;margin-top : 0px;margin-bottom : 20px;}.fusion-builder-column-0 > .fusion-column-wrapper {padding-top : 0px !important;padding-right : 0px !important;margin-right : 1.92%;padding-bottom : 0px !important;padding-left : 0px !important;margin-left : 1.92%;}@media only screen and (max-width:1024px) {.fusion-body .fusion-builder-column-0{width:100% !important;order : 0;}.fusion-builder-column-0 > .fusion-column-wrapper {margin-right : 1.92%;margin-left : 1.92%;}}@media only screen and (max-width:640px) {.fusion-body .fusion-builder-column-0{width:100% !important;order : 0;}.fusion-builder-column-0 > .fusion-column-wrapper {margin-right : 1.92%;margin-left : 1.92%;}}<\/style><\/div><\/div><style type=\"text\/css\">.fusion-body .fusion-flex-container.fusion-builder-row-1{ padding-top : 0px;margin-top : 0px;padding-right : 0px;padding-bottom : 0px;margin-bottom : 0px;padding-left : 0px;}<\/style><\/div>\n","protected":false},"excerpt":{"rendered":"<p>En este tipo de Tirante, el elemento resistente a la tracci\u00f3n est\u00e1 formado por un tor\u00f3n de 7 alambres, 6 de los cuales son alambres de acero del mismo di\u00e1metro nominal, trenzados entre s\u00ed mediante torsi\u00f3n helicoidal, con un paso uniforme alrededor de un alambre central. El suministro de los Anclajes Armados tipo Tor\u00f3n sigue la clasificaci\u00f3n de la norma ABNT NBR-7483 \u2013 Cables de Acero de acero para hormig\u00f3n pretensado, seg\u00fan su resistencia a la tracci\u00f3n (kgf\/mm\u00b2) y el tipo de comportamiento frente a la relajaci\u00f3n, que puede ser RB o RN.<\/p>\n<p><img decoding=\"async\" class=\"alignnone size-large wp-image-2318\" src=\"https:\/\/incotep.com.br\/wp-content\/uploads\/2021\/11\/aco_008_banners_05_incotep2-768x244-1.jpeg\" alt=\"\" width=\"768\" height=\"244\" srcset=\"https:\/\/incotep.com.br\/wp-content\/uploads\/2021\/11\/aco_008_banners_05_incotep2-768x244-1-200x64.jpeg 200w, https:\/\/incotep.com.br\/wp-content\/uploads\/2021\/11\/aco_008_banners_05_incotep2-768x244-1-300x95.jpeg 300w, https:\/\/incotep.com.br\/wp-content\/uploads\/2021\/11\/aco_008_banners_05_incotep2-768x244-1-400x127.jpeg 400w, https:\/\/incotep.com.br\/wp-content\/uploads\/2021\/11\/aco_008_banners_05_incotep2-768x244-1-500x159.jpeg 500w, https:\/\/incotep.com.br\/wp-content\/uploads\/2021\/11\/aco_008_banners_05_incotep2-768x244-1-600x191.jpeg 600w, https:\/\/incotep.com.br\/wp-content\/uploads\/2021\/11\/aco_008_banners_05_incotep2-768x244-1-700x222.jpeg 700w, https:\/\/incotep.com.br\/wp-content\/uploads\/2021\/11\/aco_008_banners_05_incotep2-768x244-1.jpeg 768w\" sizes=\"(max-width: 768px) 100vw, 768px\" \/><\/p>\n<div style=\"display: inline-block; width: 40%;\"><\/div>\n","protected":false},"featured_media":4314,"template":"","meta":[],"product_cat":[68],"product_tag":[],"class_list":{"0":"post-4305","1":"product","2":"type-product","3":"status-publish","4":"has-post-thumbnail","6":"product_cat-cordoalhas-es","8":"first","9":"instock","10":"shipping-taxable","11":"product-type-simple"},"yoast_head":"<!-- This site is optimized with the Yoast SEO plugin v23.8 - https:\/\/yoast.com\/wordpress\/plugins\/seo\/ -->\n<title>Anclajes Armados tipo Tor\u00f3n - Incotep<\/title>\n<meta name=\"description\" content=\"-1223\" \/>\n<meta name=\"robots\" content=\"index, follow, max-snippet:-1, max-image-preview:large, max-video-preview:-1\" \/>\n<link rel=\"canonical\" href=\"https:\/\/incotep.com.br\/es\/produto\/cordoalhas\/\" \/>\n<meta property=\"og:locale\" content=\"es_ES\" \/>\n<meta property=\"og:type\" content=\"article\" \/>\n<meta property=\"og:title\" content=\"Anclajes Armados tipo Tor\u00f3n - Incotep\" \/>\n<meta property=\"og:description\" content=\"-1223\" \/>\n<meta property=\"og:url\" content=\"https:\/\/incotep.com.br\/es\/produto\/cordoalhas\/\" \/>\n<meta property=\"og:site_name\" content=\"Incotep\" \/>\n<meta property=\"article:modified_time\" content=\"2022-10-13T15:11:29+00:00\" \/>\n<meta property=\"og:image\" content=\"https:\/\/incotep.com.br\/wp-content\/uploads\/2021\/11\/cordoalha-incotep-00003.jpg\" \/>\n\t<meta property=\"og:image:width\" content=\"960\" \/>\n\t<meta property=\"og:image:height\" content=\"1280\" \/>\n\t<meta property=\"og:image:type\" content=\"image\/jpeg\" \/>\n<meta name=\"twitter:card\" content=\"summary_large_image\" \/>\n<meta name=\"twitter:label1\" content=\"Tiempo de lectura\" \/>\n\t<meta name=\"twitter:data1\" content=\"3 minutos\" \/>\n<script type=\"application\/ld+json\" class=\"yoast-schema-graph\">{\"@context\":\"https:\/\/schema.org\",\"@graph\":[{\"@type\":\"WebPage\",\"@id\":\"https:\/\/incotep.com.br\/es\/produto\/cordoalhas\/\",\"url\":\"https:\/\/incotep.com.br\/es\/produto\/cordoalhas\/\",\"name\":\"Anclajes Armados tipo Tor\u00f3n - Incotep\",\"isPartOf\":{\"@id\":\"https:\/\/incotep.com.br\/en\/#website\"},\"primaryImageOfPage\":{\"@id\":\"https:\/\/incotep.com.br\/es\/produto\/cordoalhas\/#primaryimage\"},\"image\":{\"@id\":\"https:\/\/incotep.com.br\/es\/produto\/cordoalhas\/#primaryimage\"},\"thumbnailUrl\":\"https:\/\/incotep.com.br\/wp-content\/uploads\/2021\/11\/cordoalha-incotep-00003.jpg\",\"datePublished\":\"2021-11-04T13:45:40+00:00\",\"dateModified\":\"2022-10-13T15:11:29+00:00\",\"description\":\"-1223\",\"breadcrumb\":{\"@id\":\"https:\/\/incotep.com.br\/es\/produto\/cordoalhas\/#breadcrumb\"},\"inLanguage\":\"es\",\"potentialAction\":[{\"@type\":\"ReadAction\",\"target\":[\"https:\/\/incotep.com.br\/es\/produto\/cordoalhas\/\"]}]},{\"@type\":\"ImageObject\",\"inLanguage\":\"es\",\"@id\":\"https:\/\/incotep.com.br\/es\/produto\/cordoalhas\/#primaryimage\",\"url\":\"https:\/\/incotep.com.br\/wp-content\/uploads\/2021\/11\/cordoalha-incotep-00003.jpg\",\"contentUrl\":\"https:\/\/incotep.com.br\/wp-content\/uploads\/2021\/11\/cordoalha-incotep-00003.jpg\",\"width\":960,\"height\":1280},{\"@type\":\"BreadcrumbList\",\"@id\":\"https:\/\/incotep.com.br\/es\/produto\/cordoalhas\/#breadcrumb\",\"itemListElement\":[{\"@type\":\"ListItem\",\"position\":1,\"name\":\"Home\",\"item\":\"https:\/\/incotep.com.br\/es\/\"},{\"@type\":\"ListItem\",\"position\":2,\"name\":\"Products\",\"item\":\"https:\/\/incotep.com.br\/en\/shop\/\"},{\"@type\":\"ListItem\",\"position\":3,\"name\":\"Anclajes Armados tipo Tor\u00f3n\"}]},{\"@type\":\"WebSite\",\"@id\":\"https:\/\/incotep.com.br\/en\/#website\",\"url\":\"https:\/\/incotep.com.br\/en\/\",\"name\":\"Incotep\",\"description\":\"Sistemas de Ancoragem\",\"potentialAction\":[{\"@type\":\"SearchAction\",\"target\":{\"@type\":\"EntryPoint\",\"urlTemplate\":\"https:\/\/incotep.com.br\/en\/?s={search_term_string}\"},\"query-input\":{\"@type\":\"PropertyValueSpecification\",\"valueRequired\":true,\"valueName\":\"search_term_string\"}}],\"inLanguage\":\"es\"}]}<\/script>\n<!-- \/ Yoast SEO plugin. -->","yoast_head_json":{"title":"Anclajes Armados tipo Tor\u00f3n - Incotep","description":"-1223","robots":{"index":"index","follow":"follow","max-snippet":"max-snippet:-1","max-image-preview":"max-image-preview:large","max-video-preview":"max-video-preview:-1"},"canonical":"https:\/\/incotep.com.br\/es\/produto\/cordoalhas\/","og_locale":"es_ES","og_type":"article","og_title":"Anclajes Armados tipo Tor\u00f3n - Incotep","og_description":"-1223","og_url":"https:\/\/incotep.com.br\/es\/produto\/cordoalhas\/","og_site_name":"Incotep","article_modified_time":"2022-10-13T15:11:29+00:00","og_image":[{"width":960,"height":1280,"url":"https:\/\/incotep.com.br\/wp-content\/uploads\/2021\/11\/cordoalha-incotep-00003.jpg","type":"image\/jpeg"}],"twitter_card":"summary_large_image","twitter_misc":{"Tiempo de lectura":"3 minutos"},"schema":{"@context":"https:\/\/schema.org","@graph":[{"@type":"WebPage","@id":"https:\/\/incotep.com.br\/es\/produto\/cordoalhas\/","url":"https:\/\/incotep.com.br\/es\/produto\/cordoalhas\/","name":"Anclajes Armados tipo Tor\u00f3n - Incotep","isPartOf":{"@id":"https:\/\/incotep.com.br\/en\/#website"},"primaryImageOfPage":{"@id":"https:\/\/incotep.com.br\/es\/produto\/cordoalhas\/#primaryimage"},"image":{"@id":"https:\/\/incotep.com.br\/es\/produto\/cordoalhas\/#primaryimage"},"thumbnailUrl":"https:\/\/incotep.com.br\/wp-content\/uploads\/2021\/11\/cordoalha-incotep-00003.jpg","datePublished":"2021-11-04T13:45:40+00:00","dateModified":"2022-10-13T15:11:29+00:00","description":"-1223","breadcrumb":{"@id":"https:\/\/incotep.com.br\/es\/produto\/cordoalhas\/#breadcrumb"},"inLanguage":"es","potentialAction":[{"@type":"ReadAction","target":["https:\/\/incotep.com.br\/es\/produto\/cordoalhas\/"]}]},{"@type":"ImageObject","inLanguage":"es","@id":"https:\/\/incotep.com.br\/es\/produto\/cordoalhas\/#primaryimage","url":"https:\/\/incotep.com.br\/wp-content\/uploads\/2021\/11\/cordoalha-incotep-00003.jpg","contentUrl":"https:\/\/incotep.com.br\/wp-content\/uploads\/2021\/11\/cordoalha-incotep-00003.jpg","width":960,"height":1280},{"@type":"BreadcrumbList","@id":"https:\/\/incotep.com.br\/es\/produto\/cordoalhas\/#breadcrumb","itemListElement":[{"@type":"ListItem","position":1,"name":"Home","item":"https:\/\/incotep.com.br\/es\/"},{"@type":"ListItem","position":2,"name":"Products","item":"https:\/\/incotep.com.br\/en\/shop\/"},{"@type":"ListItem","position":3,"name":"Anclajes Armados tipo Tor\u00f3n"}]},{"@type":"WebSite","@id":"https:\/\/incotep.com.br\/en\/#website","url":"https:\/\/incotep.com.br\/en\/","name":"Incotep","description":"Sistemas de Ancoragem","potentialAction":[{"@type":"SearchAction","target":{"@type":"EntryPoint","urlTemplate":"https:\/\/incotep.com.br\/en\/?s={search_term_string}"},"query-input":{"@type":"PropertyValueSpecification","valueRequired":true,"valueName":"search_term_string"}}],"inLanguage":"es"}]}},"_links":{"self":[{"href":"https:\/\/incotep.com.br\/es\/wp-json\/wp\/v2\/product\/4305","targetHints":{"allow":["GET"]}}],"collection":[{"href":"https:\/\/incotep.com.br\/es\/wp-json\/wp\/v2\/product"}],"about":[{"href":"https:\/\/incotep.com.br\/es\/wp-json\/wp\/v2\/types\/product"}],"wp:featuredmedia":[{"embeddable":true,"href":"https:\/\/incotep.com.br\/es\/wp-json\/wp\/v2\/media\/4314"}],"wp:attachment":[{"href":"https:\/\/incotep.com.br\/es\/wp-json\/wp\/v2\/media?parent=4305"}],"wp:term":[{"taxonomy":"product_cat","embeddable":true,"href":"https:\/\/incotep.com.br\/es\/wp-json\/wp\/v2\/product_cat?post=4305"},{"taxonomy":"product_tag","embeddable":true,"href":"https:\/\/incotep.com.br\/es\/wp-json\/wp\/v2\/product_tag?post=4305"}],"curies":[{"name":"wp","href":"https:\/\/api.w.org\/{rel}","templated":true}]}}